{"id":6852,"date":"2019-09-06T07:58:14","date_gmt":"2019-09-06T06:58:14","guid":{"rendered":"https:\/\/object.pt\/?page_id=6852"},"modified":"2026-02-04T20:04:17","modified_gmt":"2026-02-04T20:04:17","slug":"wholesale","status":"publish","type":"page","link":"https:\/\/roastberry.pt\/en\/wholesale\/","title":{"rendered":"Wholesale"},"content":{"rendered":"\t\t<div data-elementor-type=\"wp-post\" data-elementor-id=\"6852\" class=\"elementor elementor-6852\">\n\t\t\t\t\t\t<section class=\"elementor-section elementor-top-section elementor-element elementor-element-983905d elementor-reverse-mobile elementor-section-boxed elementor-section-height-default elementor-section-height-default\" data-id=\"983905d\" data-element_type=\"section\" data-e-type=\"section\" data-settings=\"{&quot;background_background&quot;:&quot;video&quot;}\">\n\t\t\t\t\t\t<div class=\"elementor-container elementor-column-gap-wider\">\n\t\t\t\t\t<div class=\"elementor-column elementor-col-50 elementor-top-column elementor-element elementor-element-7310116 elementor-invisible\" data-id=\"7310116\" data-element_type=\"column\" data-e-type=\"column\" data-settings=\"{&quot;animation&quot;:&quot;fadeIn&quot;,&quot;animation_delay&quot;:200}\">\n\t\t\t<div class=\"elementor-widget-wrap elementor-element-populated\">\n\t\t\t\t\t\t<div class=\"elementor-element elementor-element-5867941f elementor-widget elementor-widget-heading\" data-id=\"5867941f\" data-element_type=\"widget\" data-e-type=\"widget\" data-widget_type=\"heading.default\">\n\t\t\t\t<div class=\"elementor-widget-container\">\n\t\t\t\t\t<h6 class=\"elementor-heading-title elementor-size-default\">Exceptional quality standards<\/h6>\t\t\t\t<\/div>\n\t\t\t\t<\/div>\n\t\t\t\t<div class=\"elementor-element elementor-element-3d3af9e7 elementor-widget elementor-widget-heading\" data-id=\"3d3af9e7\" data-element_type=\"widget\" data-e-type=\"widget\" data-widget_type=\"heading.default\">\n\t\t\t\t<div class=\"elementor-widget-container\">\n\t\t\t\t\t<h2 class=\"elementor-heading-title elementor-size-default\">Specialty coffee wholesale<\/h2>\t\t\t\t<\/div>\n\t\t\t\t<\/div>\n\t\t\t\t<div class=\"elementor-element elementor-element-e710402 elementor-widget elementor-widget-text-editor\" data-id=\"e710402\" data-element_type=\"widget\" data-e-type=\"widget\" data-widget_type=\"text-editor.default\">\n\t\t\t\t<div class=\"elementor-widget-container\">\n\t\t\t\t\t\t\t\t\t<p>At the preliminary testing stage, we collected, roasted and tasted over 400 samples of coffee from all around the world to find and offer our customers a truly rare experience of special coffee.<\/p><p>Specialty coffee roasters services:<\/p><ul><li>our professional staff will select for you quality green beans from different regions of origin<\/li><li>create an individual roasting profile, revealing all favorable bean quality<\/li><li>create coffee cards and personalized drink recipes<\/li><li>coffee cups and accessories of high quality<\/li><li>help you choose coffee equipment, taking into consideration your business needs<\/li><li>coffee equipment maintanance<\/li><li>ontime delivery of selected equipment,<br \/>accessories and roasted coffee beans<\/li><\/ul><p><\/p><p><\/li><\/ul>\t\t\t\t\t\t\t\t<\/div>\n\t\t\t\t<\/div>\n\t\t\t\t\t<\/div>\n\t\t<\/div>\n\t\t\t\t<div class=\"elementor-column elementor-col-50 elementor-top-column elementor-element elementor-element-34c609e elementor-invisible\" data-id=\"34c609e\" data-element_type=\"column\" data-e-type=\"column\" data-settings=\"{&quot;animation&quot;:&quot;fadeIn&quot;,&quot;animation_delay&quot;:200}\">\n\t\t\t<div class=\"elementor-widget-wrap elementor-element-populated\">\n\t\t\t\t\t\t<div class=\"elementor-element elementor-element-2727c28 elementor-widget elementor-widget-image\" data-id=\"2727c28\" data-element_type=\"widget\" data-e-type=\"widget\" data-widget_type=\"image.default\">\n\t\t\t\t<div class=\"elementor-widget-container\">\n\t\t\t\t\t\t\t\t\t\t\t\t\t\t\t<img fetchpriority=\"high\" decoding=\"async\" width=\"1024\" height=\"1024\" src=\"https:\/\/roastberry.pt\/wp-content\/uploads\/2019\/11\/roaster_discharge_color-1024x1024.webp\" class=\"attachment-large size-large wp-image-215486\" alt=\"RoastBerry roaster\" srcset=\"https:\/\/roastberry.pt\/wp-content\/uploads\/2019\/11\/roaster_discharge_color-1024x1024.webp 1024w, https:\/\/roastberry.pt\/wp-content\/uploads\/2019\/11\/roaster_discharge_color-150x150.webp 150w, https:\/\/roastberry.pt\/wp-content\/uploads\/2019\/11\/roaster_discharge_color-300x300.webp 300w, https:\/\/roastberry.pt\/wp-content\/uploads\/2019\/11\/roaster_discharge_color-768x768.webp 768w, https:\/\/roastberry.pt\/wp-content\/uploads\/2019\/11\/roaster_discharge_color-600x600.webp 600w, https:\/\/roastberry.pt\/wp-content\/uploads\/2019\/11\/roaster_discharge_color.webp 1920w\" sizes=\"(max-width: 1024px) 100vw, 1024px\" \/>\t\t\t\t\t\t\t\t\t\t\t\t\t\t\t<\/div>\n\t\t\t\t<\/div>\n\t\t\t\t\t<\/div>\n\t\t<\/div>\n\t\t\t\t\t<\/div>\n\t\t<\/section>\n\t\t\t\t<section class=\"elementor-section elementor-top-section elementor-element elementor-element-13bf1a5 elementor-section-boxed elementor-section-height-default elementor-section-height-default\" data-id=\"13bf1a5\" data-element_type=\"section\" data-e-type=\"section\">\n\t\t\t\t\t\t<div class=\"elementor-container elementor-column-gap-wider\">\n\t\t\t\t\t<div class=\"elementor-column elementor-col-50 elementor-top-column elementor-element elementor-element-27639b9 elementor-invisible\" data-id=\"27639b9\" data-element_type=\"column\" data-e-type=\"column\" data-settings=\"{&quot;animation&quot;:&quot;fadeIn&quot;,&quot;animation_delay&quot;:200}\">\n\t\t\t<div class=\"elementor-widget-wrap elementor-element-populated\">\n\t\t\t\t\t\t<div class=\"elementor-element elementor-element-3e625fc elementor-widget elementor-widget-image\" data-id=\"3e625fc\" data-element_type=\"widget\" data-e-type=\"widget\" data-widget_type=\"image.default\">\n\t\t\t\t<div class=\"elementor-widget-container\">\n\t\t\t\t\t\t\t\t\t\t\t\t\t\t\t<img decoding=\"async\" width=\"1024\" height=\"1024\" src=\"https:\/\/roastberry.pt\/wp-content\/uploads\/2019\/09\/China_Yunnan_Pine_Needle-1024x1024.jpg\" class=\"attachment-large size-large wp-image-214541\" alt=\"\" srcset=\"https:\/\/roastberry.pt\/wp-content\/uploads\/2019\/09\/China_Yunnan_Pine_Needle-1024x1024.jpg 1024w, https:\/\/roastberry.pt\/wp-content\/uploads\/2019\/09\/China_Yunnan_Pine_Needle-150x150.jpg 150w, https:\/\/roastberry.pt\/wp-content\/uploads\/2019\/09\/China_Yunnan_Pine_Needle-300x300.jpg 300w, https:\/\/roastberry.pt\/wp-content\/uploads\/2019\/09\/China_Yunnan_Pine_Needle-768x768.jpg 768w, https:\/\/roastberry.pt\/wp-content\/uploads\/2019\/09\/China_Yunnan_Pine_Needle-600x600.jpg 600w, https:\/\/roastberry.pt\/wp-content\/uploads\/2019\/09\/China_Yunnan_Pine_Needle.jpg 2000w\" sizes=\"(max-width: 1024px) 100vw, 1024px\" \/>\t\t\t\t\t\t\t\t\t\t\t\t\t\t\t<\/div>\n\t\t\t\t<\/div>\n\t\t\t\t\t<\/div>\n\t\t<\/div>\n\t\t\t\t<div class=\"elementor-column elementor-col-50 elementor-top-column elementor-element elementor-element-cd47eca elementor-invisible\" data-id=\"cd47eca\" data-element_type=\"column\" data-e-type=\"column\" data-settings=\"{&quot;animation&quot;:&quot;fadeIn&quot;,&quot;animation_delay&quot;:200}\">\n\t\t\t<div class=\"elementor-widget-wrap elementor-element-populated\">\n\t\t\t\t\t\t<div class=\"elementor-element elementor-element-cd785e2 elementor-widget elementor-widget-heading\" data-id=\"cd785e2\" data-element_type=\"widget\" data-e-type=\"widget\" data-widget_type=\"heading.default\">\n\t\t\t\t<div class=\"elementor-widget-container\">\n\t\t\t\t\t<h6 class=\"elementor-heading-title elementor-size-default\">Biodiversity, direct &amp; fair trade<\/h6>\t\t\t\t<\/div>\n\t\t\t\t<\/div>\n\t\t\t\t<div class=\"elementor-element elementor-element-69c842c elementor-widget elementor-widget-heading\" data-id=\"69c842c\" data-element_type=\"widget\" data-e-type=\"widget\" data-widget_type=\"heading.default\">\n\t\t\t\t<div class=\"elementor-widget-container\">\n\t\t\t\t\t<h2 class=\"elementor-heading-title elementor-size-default\">Specialty tea wholesale<\/h2>\t\t\t\t<\/div>\n\t\t\t\t<\/div>\n\t\t\t\t<div class=\"elementor-element elementor-element-8ab68bf elementor-widget elementor-widget-text-editor\" data-id=\"8ab68bf\" data-element_type=\"widget\" data-e-type=\"widget\" data-widget_type=\"text-editor.default\">\n\t\t\t\t<div class=\"elementor-widget-container\">\n\t\t\t\t\t\t\t\t\t<p>RoastBerry has one of the biggest specialty tea portfolios in Portugal. Our team selected the best varieties from all over the world, offering you the finest selection of tea leaves.\n\nWe sell only top quality teas \u2013 a loose leaf with high tips concentration (GFOP, TGFOP, STGFOP).\n\n<\/p>\t\t\t\t\t\t\t\t<\/div>\n\t\t\t\t<\/div>\n\t\t\t\t<div class=\"elementor-element elementor-element-c6f2840 elementor-widget elementor-widget-text-editor\" data-id=\"c6f2840\" data-element_type=\"widget\" data-e-type=\"widget\" data-widget_type=\"text-editor.default\">\n\t\t\t\t<div class=\"elementor-widget-container\">\n\t\t\t\t\t\t\t\t\t<p>Specialty tea services:<\/p>\n<ul>\n \t<li>concept of tea menu, focusing on the needs of your business<\/li>\n \t<li>tea sets and accessories<\/li>\n \t<li>reliable equipment for brewing the perfect tea<\/li>\n \t<li>regular supplies of tea and tea equipment<\/li>\n<\/ul>\n\t\t\t\t\t\t\t\t<\/div>\n\t\t\t\t<\/div>\n\t\t\t\t\t<\/div>\n\t\t<\/div>\n\t\t\t\t\t<\/div>\n\t\t<\/section>\n\t\t\t\t<section class=\"elementor-section elementor-top-section elementor-element elementor-element-9d50b0d elementor-section-boxed elementor-section-height-default elementor-section-height-default\" data-id=\"9d50b0d\" data-element_type=\"section\" data-e-type=\"section\">\n\t\t\t\t\t\t<div class=\"elementor-container elementor-column-gap-default\">\n\t\t\t\t\t<div class=\"elementor-column elementor-col-100 elementor-top-column elementor-element elementor-element-a1c0ae8 elementor-invisible\" data-id=\"a1c0ae8\" data-element_type=\"column\" data-e-type=\"column\" data-settings=\"{&quot;animation&quot;:&quot;fadeIn&quot;,&quot;animation_delay&quot;:200}\">\n\t\t\t<div class=\"elementor-widget-wrap elementor-element-populated\">\n\t\t\t\t\t\t<div class=\"elementor-element elementor-element-4f0c3e9 elementor-widget elementor-widget-text-editor\" data-id=\"4f0c3e9\" data-element_type=\"widget\" data-e-type=\"widget\" data-widget_type=\"text-editor.default\">\n\t\t\t\t<div class=\"elementor-widget-container\">\n\t\t\t\t\t\t\t\t\t<h2 align=\"center\">&nbsp;<\/h2>\n<h2 align=\"center\"><strong>Equipment, education and techincal support<\/strong><\/h2>\n<p>Roastberry is proud to be partner and distributor of leading coffee equipment. We can follow up your business on all steps \u2013 from choosing equipment to training, guarantee and post guarantee maintanance.<\/p>\n<p>Roastberry provides full cycle of service as a coffee equipment supplier. We can follow up your business on all steps \u2013 from choosing equipment to training, guarantee and post guarantee maintanance.<\/p>\n<p>We are always opened for new partnerships.<\/p>\n<p>Roastberry is the official representative in Portugal of such brands: Eversys, Sanremo, Mazzer, Technivorm, Fiorenzato, Puqpress.<\/p>\n<p><\/p>\n<p><\/p>\t\t\t\t\t\t\t\t<\/div>\n\t\t\t\t<\/div>\n\t\t\t\t\t<\/div>\n\t\t<\/div>\n\t\t\t\t\t<\/div>\n\t\t<\/section>\n\t\t\t\t<section class=\"elementor-section elementor-top-section elementor-element elementor-element-5f3d6bd elementor-section-boxed elementor-section-height-default elementor-section-height-default\" data-id=\"5f3d6bd\" data-element_type=\"section\" data-e-type=\"section\">\n\t\t\t\t\t\t<div class=\"elementor-container elementor-column-gap-default\">\n\t\t\t\t\t<div class=\"elementor-column elementor-col-20 elementor-top-column elementor-element elementor-element-59cd246\" data-id=\"59cd246\" data-element_type=\"column\" data-e-type=\"column\">\n\t\t\t<div class=\"elementor-widget-wrap elementor-element-populated\">\n\t\t\t\t\t\t<div class=\"elementor-element elementor-element-5aa6011 elementor-widget elementor-widget-image\" data-id=\"5aa6011\" data-element_type=\"widget\" data-e-type=\"widget\" data-widget_type=\"image.default\">\n\t\t\t\t<div class=\"elementor-widget-container\">\n\t\t\t\t\t\t\t\t\t\t\t\t\t\t\t<img decoding=\"async\" width=\"700\" height=\"700\" src=\"https:\/\/roastberry.pt\/wp-content\/uploads\/2019\/09\/eversys.jpg\" class=\"attachment-large size-large wp-image-6842\" alt=\"\" srcset=\"https:\/\/roastberry.pt\/wp-content\/uploads\/2019\/09\/eversys.jpg 700w, https:\/\/roastberry.pt\/wp-content\/uploads\/2019\/09\/eversys-150x150.jpg 150w, https:\/\/roastberry.pt\/wp-content\/uploads\/2019\/09\/eversys-300x300.jpg 300w, https:\/\/roastberry.pt\/wp-content\/uploads\/2019\/09\/eversys-600x600.jpg 600w\" sizes=\"(max-width: 700px) 100vw, 700px\" \/>\t\t\t\t\t\t\t\t\t\t\t\t\t\t\t<\/div>\n\t\t\t\t<\/div>\n\t\t\t\t\t<\/div>\n\t\t<\/div>\n\t\t\t\t<div class=\"elementor-column elementor-col-20 elementor-top-column elementor-element elementor-element-1d9840e\" data-id=\"1d9840e\" data-element_type=\"column\" data-e-type=\"column\">\n\t\t\t<div class=\"elementor-widget-wrap elementor-element-populated\">\n\t\t\t\t\t\t<div class=\"elementor-element elementor-element-a5784b7 elementor-widget elementor-widget-image\" data-id=\"a5784b7\" data-element_type=\"widget\" data-e-type=\"widget\" data-widget_type=\"image.default\">\n\t\t\t\t<div class=\"elementor-widget-container\">\n\t\t\t\t\t\t\t\t\t\t\t\t\t\t\t<img loading=\"lazy\" decoding=\"async\" width=\"700\" height=\"700\" src=\"https:\/\/roastberry.pt\/wp-content\/uploads\/2019\/09\/sanremo.jpg\" class=\"attachment-large size-large wp-image-6845\" alt=\"\" srcset=\"https:\/\/roastberry.pt\/wp-content\/uploads\/2019\/09\/sanremo.jpg 700w, https:\/\/roastberry.pt\/wp-content\/uploads\/2019\/09\/sanremo-150x150.jpg 150w, https:\/\/roastberry.pt\/wp-content\/uploads\/2019\/09\/sanremo-300x300.jpg 300w, https:\/\/roastberry.pt\/wp-content\/uploads\/2019\/09\/sanremo-600x600.jpg 600w\" sizes=\"(max-width: 700px) 100vw, 700px\" \/>\t\t\t\t\t\t\t\t\t\t\t\t\t\t\t<\/div>\n\t\t\t\t<\/div>\n\t\t\t\t\t<\/div>\n\t\t<\/div>\n\t\t\t\t<div class=\"elementor-column elementor-col-20 elementor-top-column elementor-element elementor-element-bfde190\" data-id=\"bfde190\" data-element_type=\"column\" data-e-type=\"column\">\n\t\t\t<div class=\"elementor-widget-wrap elementor-element-populated\">\n\t\t\t\t\t\t<div class=\"elementor-element elementor-element-ab43169 elementor-widget elementor-widget-image\" data-id=\"ab43169\" data-element_type=\"widget\" data-e-type=\"widget\" data-widget_type=\"image.default\">\n\t\t\t\t<div class=\"elementor-widget-container\">\n\t\t\t\t\t\t\t\t\t\t\t\t\t\t\t<img loading=\"lazy\" decoding=\"async\" width=\"700\" height=\"700\" src=\"https:\/\/roastberry.pt\/wp-content\/uploads\/2019\/09\/mazzer.jpg\" class=\"attachment-large size-large wp-image-6844\" alt=\"\" srcset=\"https:\/\/roastberry.pt\/wp-content\/uploads\/2019\/09\/mazzer.jpg 700w, https:\/\/roastberry.pt\/wp-content\/uploads\/2019\/09\/mazzer-150x150.jpg 150w, https:\/\/roastberry.pt\/wp-content\/uploads\/2019\/09\/mazzer-300x300.jpg 300w, https:\/\/roastberry.pt\/wp-content\/uploads\/2019\/09\/mazzer-600x600.jpg 600w\" sizes=\"(max-width: 700px) 100vw, 700px\" \/>\t\t\t\t\t\t\t\t\t\t\t\t\t\t\t<\/div>\n\t\t\t\t<\/div>\n\t\t\t\t\t<\/div>\n\t\t<\/div>\n\t\t\t\t<div class=\"elementor-column elementor-col-20 elementor-top-column elementor-element elementor-element-74676ef\" data-id=\"74676ef\" data-element_type=\"column\" data-e-type=\"column\">\n\t\t\t<div class=\"elementor-widget-wrap elementor-element-populated\">\n\t\t\t\t\t\t<div class=\"elementor-element elementor-element-8df7bf8 elementor-widget elementor-widget-image\" data-id=\"8df7bf8\" data-element_type=\"widget\" data-e-type=\"widget\" data-widget_type=\"image.default\">\n\t\t\t\t<div class=\"elementor-widget-container\">\n\t\t\t\t\t\t\t\t\t\t\t\t\t\t\t<img loading=\"lazy\" decoding=\"async\" width=\"700\" height=\"700\" src=\"https:\/\/roastberry.pt\/wp-content\/uploads\/2019\/09\/fiorenzato.jpg\" class=\"attachment-large size-large wp-image-6843\" alt=\"\" srcset=\"https:\/\/roastberry.pt\/wp-content\/uploads\/2019\/09\/fiorenzato.jpg 700w, https:\/\/roastberry.pt\/wp-content\/uploads\/2019\/09\/fiorenzato-150x150.jpg 150w, https:\/\/roastberry.pt\/wp-content\/uploads\/2019\/09\/fiorenzato-300x300.jpg 300w, https:\/\/roastberry.pt\/wp-content\/uploads\/2019\/09\/fiorenzato-600x600.jpg 600w\" sizes=\"(max-width: 700px) 100vw, 700px\" \/>\t\t\t\t\t\t\t\t\t\t\t\t\t\t\t<\/div>\n\t\t\t\t<\/div>\n\t\t\t\t\t<\/div>\n\t\t<\/div>\n\t\t\t\t<div class=\"elementor-column elementor-col-20 elementor-top-column elementor-element elementor-element-4e57620\" data-id=\"4e57620\" data-element_type=\"column\" data-e-type=\"column\">\n\t\t\t<div class=\"elementor-widget-wrap elementor-element-populated\">\n\t\t\t\t\t\t<div class=\"elementor-element elementor-element-ed114ef elementor-widget elementor-widget-image\" data-id=\"ed114ef\" data-element_type=\"widget\" data-e-type=\"widget\" data-widget_type=\"image.default\">\n\t\t\t\t<div class=\"elementor-widget-container\">\n\t\t\t\t\t\t\t\t\t\t\t\t\t\t\t<img loading=\"lazy\" decoding=\"async\" width=\"700\" height=\"700\" src=\"https:\/\/roastberry.pt\/wp-content\/uploads\/2019\/09\/technivorm.jpg\" class=\"attachment-large size-large wp-image-6846\" alt=\"\" srcset=\"https:\/\/roastberry.pt\/wp-content\/uploads\/2019\/09\/technivorm.jpg 700w, https:\/\/roastberry.pt\/wp-content\/uploads\/2019\/09\/technivorm-150x150.jpg 150w, https:\/\/roastberry.pt\/wp-content\/uploads\/2019\/09\/technivorm-300x300.jpg 300w, https:\/\/roastberry.pt\/wp-content\/uploads\/2019\/09\/technivorm-600x600.jpg 600w\" sizes=\"(max-width: 700px) 100vw, 700px\" \/>\t\t\t\t\t\t\t\t\t\t\t\t\t\t\t<\/div>\n\t\t\t\t<\/div>\n\t\t\t\t\t<\/div>\n\t\t<\/div>\n\t\t\t\t\t<\/div>\n\t\t<\/section>\n\t\t\t\t<\/div>\n\t\t","protected":false},"excerpt":{"rendered":"<p>Padr\u00f5es de qualidade excepcionais Revenda de caf\u00e9 especializado Na etapa de testes preliminares, coletamos, torramos e provamos mais de 400 amostras de caf\u00e9 de todo o mundo para encontrar e oferecer aos nossos clientes uma experi\u00eancia verdadeiramente rara de caf\u00e9 incr\u00edvel. Servi\u00e7os &#8220;Specialty coffee roasters&#8221;: a nossa equipa de profissionais seleccionar\u00e1 para si o melhor [&hellip;]<\/p>\n","protected":false},"author":119,"featured_media":0,"parent":0,"menu_order":0,"comment_status":"closed","ping_status":"closed","template":"template-fullwidth-no-heading.php","meta":{"footnotes":""},"class_list":["post-6852","page","type-page","status-publish","hentry"],"_links":{"self":[{"href":"https:\/\/roastberry.pt\/en\/wp-json\/wp\/v2\/pages\/6852","targetHints":{"allow":["GET"]}}],"collection":[{"href":"https:\/\/roastberry.pt\/en\/wp-json\/wp\/v2\/pages"}],"about":[{"href":"https:\/\/roastberry.pt\/en\/wp-json\/wp\/v2\/types\/page"}],"author":[{"embeddable":true,"href":"https:\/\/roastberry.pt\/en\/wp-json\/wp\/v2\/users\/119"}],"replies":[{"embeddable":true,"href":"https:\/\/roastberry.pt\/en\/wp-json\/wp\/v2\/comments?post=6852"}],"version-history":[{"count":39,"href":"https:\/\/roastberry.pt\/en\/wp-json\/wp\/v2\/pages\/6852\/revisions"}],"predecessor-version":[{"id":220595,"href":"https:\/\/roastberry.pt\/en\/wp-json\/wp\/v2\/pages\/6852\/revisions\/220595"}],"wp:attachment":[{"href":"https:\/\/roastberry.pt\/en\/wp-json\/wp\/v2\/media?parent=6852"}],"curies":[{"name":"wp","href":"https:\/\/api.w.org\/{rel}","templated":true}]}}