{"id":213799,"date":"2019-09-07T14:18:26","date_gmt":"2019-09-07T13:18:26","guid":{"rendered":"https:\/\/object.pt\/?page_id=213799"},"modified":"2019-09-07T14:19:08","modified_gmt":"2019-09-07T13:19:08","slug":"privacy-policy","status":"publish","type":"page","link":"https:\/\/roastberry.pt\/en\/privacy-policy\/","title":{"rendered":"Privacy policy"},"content":{"rendered":"\t\t<div data-elementor-type=\"wp-post\" data-elementor-id=\"213799\" class=\"elementor elementor-213799\">\n\t\t\t\t\t\t<section class=\"elementor-section elementor-top-section elementor-element elementor-element-3dc57f6 elementor-section-boxed elementor-section-height-default elementor-section-height-default\" data-id=\"3dc57f6\" data-element_type=\"section\" data-e-type=\"section\">\n\t\t\t\t\t\t<div class=\"elementor-container elementor-column-gap-default\">\n\t\t\t\t\t<div class=\"elementor-column elementor-col-100 elementor-top-column elementor-element elementor-element-a4f06f6\" data-id=\"a4f06f6\" data-element_type=\"column\" data-e-type=\"column\">\n\t\t\t<div class=\"elementor-widget-wrap elementor-element-populated\">\n\t\t\t\t\t\t<div class=\"elementor-element elementor-element-5d15275 elementor-widget elementor-widget-text-editor\" data-id=\"5d15275\" data-element_type=\"widget\" data-e-type=\"widget\" data-widget_type=\"text-editor.default\">\n\t\t\t\t<div class=\"elementor-widget-container\">\n\t\t\t\t\t\t\t\t\t<div class=\"wrap\"><p>A ROASTBERRY disp\u00f5e de uma pol\u00edtica de privacidade que garante a protec\u00e7\u00e3o dos seus dados, \u00e0 luz da nova lei de 25 de Maio, denominada por &#8220;Regulamento Geral da Prote\u00e7\u00e3o de Dados&#8221; (RGPD).<\/p><p><strong>IDENTIFICA\u00c7\u00c3O DO RESPONS\u00c1VEL PELO TRATAMENTO<\/strong><\/p><ul><li>Empresa: ROASTBERRY LDA<\/li><li>Sede: 1300-611, Lisboa, Rua Prof. Prof. Machado Macedo bloco D loja B<\/li><li>NIPC: 514096071<\/li><li>Contacto Encarregado da Prote\u00e7\u00e3o de Dados: info@roastberry.pt<\/li><\/ul><p><strong>INFORMA\u00c7\u00c3O E CONSENTIMENTO<\/strong><\/p><p>A Lei da Prote\u00e7\u00e3o de Dados Pessoais (em diante \u201cLPDP\u201d) e o Regulamento Geral de Prote\u00e7\u00e3o de Dados (Regulamento (UE) 2016\/679 do Parlamento Europeu e do Conselho de 27 de abril de 2016, em diante \u201cRGPD\u201d) asseguram a prote\u00e7\u00e3o das pessoas singulares no que diz respeito ao tratamento de dados pessoais e \u00e0 livre circula\u00e7\u00e3o desses dados.<\/p><p>Nos termos legais s\u00e3o considerados \u201cdados pessoais\u201d qualquer informa\u00e7\u00e3o, de qualquer natureza e independentemente do respetivo suporte, incluindo som e imagem, relativa a uma pessoa singular identificada ou identific\u00e1vel, pelo que a prote\u00e7\u00e3o n\u00e3o abrange os dados de pessoas coletivas.<\/p><p>Mediante a aceita\u00e7\u00e3o da presente Pol\u00edtica de Privacidade o utilizador declara para os efeitos previstos no disposto nos artigos 4\u00ba, n\u00bas. 1, 2, 3, 6, 7 e 11, 6\u00ba, 7\u00ba, 13.\u00ba presta o seu consentimento consentimento livre, espont\u00e2neo e esclarecidos para o tratamento dos dados pessoais, \u00e0 ROASTBERRY pessoais fornecidos atrav\u00e9s do site https:\/\/www.globaldata.pt sejam inclu\u00eddos num ficheiro da responsabilidade da ROASTBERRY, cujo tratamento nos termos da LPDP e do RGPD cumpre as medidas de seguran\u00e7a t\u00e9cnicas e organizativas adequadas.<\/p><p>A ROASTBERRY, mant\u00e9m uma base de dados com o registo dos seus clientes. Os dados presentes nesta base s\u00e3o unicamente os dados prestados pelos pr\u00f3prios na altura do seu registo, sendo recolhidos e processados automaticamente, nos termos aprovados pela Comiss\u00e3o Nacional de Prote\u00e7\u00e3o de Dados, pela ROASTBERRY, entidade respons\u00e1vel pelo correspondente ficheiro.<\/p><p>Em caso algum ser\u00e1 solicitada informa\u00e7\u00e3o sobre convic\u00e7\u00f5es filos\u00f3ficas ou pol\u00edticas, filia\u00e7\u00e3o partid\u00e1ria ou sindical, f\u00e9 religiosa, vida privada e origem racial ou \u00e9tnica bem como os dados relativos \u00e0 sa\u00fade e \u00e0 vida sexual, incluindo os dados gen\u00e9ticos.<\/p><p>Em caso algum levaremos a cabo qualquer das seguintes atividades com os dados pessoais que nos sejam facultados atrav\u00e9s deste site:<\/p><ul><li>Ceder a outras pessoas ou outras entidades, sem o consentimento pr\u00e9vio do titular dos dados;<\/li><li>Transferir para fora do Espa\u00e7o Econ\u00f3mico Europeu (EEE), sem o consentimento pr\u00e9vio do titular dos dados.<\/li><\/ul><p><strong>FINALIDADES DO TRATAMENTO DE DADOS PESSOAIS<\/strong><\/p><ul><li>(i) Processamento de encomendas;<\/li><li>(ii) Comunica\u00e7\u00e3o com clientes e esclarecimento de d\u00favidas;<\/li><li>(iii) Processamento de pedidos de informa\u00e7\u00e3o;<\/li><li>(iv) Processamento de reclama\u00e7\u00f5es;<\/li><li>(v) Comunica\u00e7\u00f5es de marketing direto (caso tenha consentido no tratamento dos seus dados pessoais para esta finalidade);<\/li><li>(vi) Solicita\u00e7\u00e3o de coment\u00e1rios a produtos ou servi\u00e7os adquiridos;<\/li><\/ul><p>A ROASTBERRY. garante a confidencialidade dos dados recolhidos e bem assim da documenta\u00e7\u00e3o recebida e as informa\u00e7\u00f5es transmitidas ser\u00e3o utilizadas unicamente no \u00e2mbito da referida comunica\u00e7ao de campanhas e servi\u00e7os, dentro dos limites estritamente necess\u00e1rios.<\/p><p>Os dados pessoais cujo tratamento se autoriza pela presente declara\u00e7\u00e3o n\u00e3o poder\u00e3o servir para quaisquer fins de comercializa\u00e7\u00e3o direta ou outros de natureza comercial, incluindo a defini\u00e7\u00e3o de perfis ou para quaisquer outras decis\u00f5es automatizadas e poder\u00e3o ser objeto de portabilidade nos termos do art.\u00ba 20.\u00ba do RGPD.<\/p><p><strong>MEDIDAS DE SEGURAN\u00c7A<\/strong><\/p><p>A ROASTBERRY declara que implementou e continuar\u00e1 a implementar as medidas de seguran\u00e7a de natureza t\u00e9cnica e organizativa necess\u00e1rias para garantir a seguran\u00e7a dos dados de car\u00e1cter pessoal que lhe sejam fornecidos visando evitar a sua altera\u00e7\u00e3o, perda, tratamento e\/ou acesso n\u00e3o autorizado, tendo em conta o estado atual da tecnologia, a natureza dos dados armazenados e os riscos a que est\u00e3o expostos. A ROASTBERRY garante a confidencialidade de todos os dados fornecidos pelos seus clientes quer no registo, quer no processo de compra\/encomenda de produtos ou servi\u00e7os. A recolha e tratamento de dados realiza-se de forma segura e que impede a sua perda ou manipula\u00e7\u00e3o. Todos os dados ser\u00e3o inseridos num Servidor Seguro (SSL de 128 bits) que os encripta\/codifica (transforma num c\u00f3digo). O utilizador poder\u00e1 verificar que o seu browser \u00e9 seguro se o s\u00edmbolo do cadeado aparecer ou se o endere\u00e7o come\u00e7ar com https em vez de http.<\/p><p><strong>COMUNICA\u00c7\u00d5ES COMERCIAIS E PROMOCIONAIS<\/strong><\/p><p>Um dos prop\u00f3sitos para os quais tratamos dados pessoais fornecidos pelos utilizadores \u00e9 enviar comunica\u00e7\u00f5es eletr\u00f3nicas com informa\u00e7\u00f5es relativas a comunica\u00e7\u00f5es comerciais e promocionais. Sempre que fizermos uma comunica\u00e7\u00e3o deste tipo, ser\u00e1 direcionado exclusivamente aos utilizadores que as tenham autorizado previamente e de forma expressa.De acordo com o disposto na Decreto-Lei n.\u00ba 7\/2004, de 7 de janeiro, no caso de o utilizador desejar deixar de receber comunica\u00e7\u00f5es comerciais ou promocionais da ROASTBERRY, poder\u00e1 solicitar a oposi\u00e7\u00e3o do servi\u00e7o enviando um e-mail para info@roastberry.pt.<\/p><p><strong>EXERC\u00cdCIO DOS DIREITOS<\/strong><\/p><p>De acordo com as disposi\u00e7\u00f5es da LDPD e do RGPD, o utilizador pode exercer a todo o tempo os seus direitos de acesso, retifica\u00e7\u00e3o, apagamento, limita\u00e7\u00e3o, oposi\u00e7\u00e3o e portabilidade, atrav\u00e9s de solicita\u00e7\u00e3o por qualquer dos seguintes meios:<\/p><ul><li>Correio: 1300-611, Lisboa, Rua Prof. Prof. Machado Macedo bloco D loja B<\/li><li>E-mail: info@roastberry.pt<\/li><\/ul><p>Caso o utilizador deseje, a qualquer momento, deixar de fazer parte da base de dados ROASTBERRY poder\u00e1 exercer esse direito atrav\u00e9s destes contactos.<\/p><\/div>\t\t\t\t\t\t\t\t<\/div>\n\t\t\t\t<\/div>\n\t\t\t\t\t<\/div>\n\t\t<\/div>\n\t\t\t\t\t<\/div>\n\t\t<\/section>\n\t\t\t\t<\/div>\n\t\t","protected":false},"excerpt":{"rendered":"<p>A ROASTBERRY disp\u00f5e de uma pol\u00edtica de privacidade que garante a protec\u00e7\u00e3o dos seus dados, \u00e0 luz da nova lei de 25 de Maio, denominada por &#8220;Regulamento Geral da Prote\u00e7\u00e3o de Dados&#8221; (RGPD). IDENTIFICA\u00c7\u00c3O DO RESPONS\u00c1VEL PELO TRATAMENTO Empresa: ROASTBERRY LDA Sede: 1300-611, Lisboa, Rua Prof. Prof. Machado Macedo bloco D loja B NIPC: 514096071 [&hellip;]<\/p>\n","protected":false},"author":119,"featured_media":0,"parent":0,"menu_order":0,"comment_status":"closed","ping_status":"closed","template":"elementor_header_footer","meta":{"footnotes":""},"class_list":["post-213799","page","type-page","status-publish","hentry"],"_links":{"self":[{"href":"https:\/\/roastberry.pt\/en\/wp-json\/wp\/v2\/pages\/213799","targetHints":{"allow":["GET"]}}],"collection":[{"href":"https:\/\/roastberry.pt\/en\/wp-json\/wp\/v2\/pages"}],"about":[{"href":"https:\/\/roastberry.pt\/en\/wp-json\/wp\/v2\/types\/page"}],"author":[{"embeddable":true,"href":"https:\/\/roastberry.pt\/en\/wp-json\/wp\/v2\/users\/119"}],"replies":[{"embeddable":true,"href":"https:\/\/roastberry.pt\/en\/wp-json\/wp\/v2\/comments?post=213799"}],"version-history":[{"count":4,"href":"https:\/\/roastberry.pt\/en\/wp-json\/wp\/v2\/pages\/213799\/revisions"}],"predecessor-version":[{"id":213803,"href":"https:\/\/roastberry.pt\/en\/wp-json\/wp\/v2\/pages\/213799\/revisions\/213803"}],"wp:attachment":[{"href":"https:\/\/roastberry.pt\/en\/wp-json\/wp\/v2\/media?parent=213799"}],"curies":[{"name":"wp","href":"https:\/\/api.w.org\/{rel}","templated":true}]}}