{"id":1004,"date":"2018-07-09T13:39:05","date_gmt":"2018-07-09T13:39:05","guid":{"rendered":"http:\/\/shoptimizer.local\/?page_id=848"},"modified":"2020-04-17T07:46:52","modified_gmt":"2020-04-17T06:46:52","slug":"about","status":"publish","type":"page","link":"https:\/\/roastberry.pt\/en\/about\/","title":{"rendered":"About"},"content":{"rendered":"\t\t<div data-elementor-type=\"wp-post\" data-elementor-id=\"1004\" class=\"elementor elementor-1004\">\n\t\t\t\t\t\t<section class=\"elementor-section elementor-top-section elementor-element elementor-element-983905d elementor-reverse-mobile elementor-section-boxed elementor-section-height-default elementor-section-height-default\" data-id=\"983905d\" data-element_type=\"section\" data-e-type=\"section\">\n\t\t\t\t\t\t<div class=\"elementor-container elementor-column-gap-wider\">\n\t\t\t\t\t<div class=\"elementor-column elementor-col-50 elementor-top-column elementor-element elementor-element-7310116 elementor-invisible\" data-id=\"7310116\" data-element_type=\"column\" data-e-type=\"column\" data-settings=\"{&quot;animation&quot;:&quot;fadeIn&quot;}\">\n\t\t\t<div class=\"elementor-widget-wrap elementor-element-populated\">\n\t\t\t\t\t\t<div class=\"elementor-element elementor-element-5867941f elementor-widget elementor-widget-heading\" data-id=\"5867941f\" data-element_type=\"widget\" data-e-type=\"widget\" data-widget_type=\"heading.default\">\n\t\t\t\t<div class=\"elementor-widget-container\">\n\t\t\t\t\t<h6 class=\"elementor-heading-title elementor-size-default\">Making specialty affordable<\/h6>\t\t\t\t<\/div>\n\t\t\t\t<\/div>\n\t\t\t\t<div class=\"elementor-element elementor-element-3d3af9e7 title-left elementor-widget elementor-widget-heading\" data-id=\"3d3af9e7\" data-element_type=\"widget\" data-e-type=\"widget\" data-widget_type=\"heading.default\">\n\t\t\t\t<div class=\"elementor-widget-container\">\n\t\t\t\t\t<h2 class=\"elementor-heading-title elementor-size-default\">Specialty coffee roasters<\/h2>\t\t\t\t<\/div>\n\t\t\t\t<\/div>\n\t\t\t\t<div class=\"elementor-element elementor-element-e710402 elementor-widget elementor-widget-text-editor\" data-id=\"e710402\" data-element_type=\"widget\" data-e-type=\"widget\" data-widget_type=\"text-editor.default\">\n\t\t\t\t<div class=\"elementor-widget-container\">\n\t\t\t\t\t\t\t\t\tRoastberry Lda foi criada em 2019 por pessoas apaixonadas pelo caf\u00e9 artesanal. O nosso principal objetivo como empresa \u00e9 permitir que os nossos clientes descubram um novo estilo de caf\u00e9 e comprem caf\u00e9s especiais de alta qualidade ao pre\u00e7o de marcas tradicionais de caf\u00e9. A nossa equipa est\u00e1 constantemente aprimorando e testando novas amostras de caf\u00e9 e convidando voc\u00ea a participar da empolgante jornada de descobrir o outro lado do caf\u00e9 elaborado pela RoastBerry.\t\t\t\t\t\t\t\t<\/div>\n\t\t\t\t<\/div>\n\t\t\t\t\t<\/div>\n\t\t<\/div>\n\t\t\t\t<div class=\"elementor-column elementor-col-50 elementor-top-column elementor-element elementor-element-34c609e elementor-invisible\" data-id=\"34c609e\" data-element_type=\"column\" data-e-type=\"column\" data-settings=\"{&quot;animation&quot;:&quot;fadeIn&quot;,&quot;animation_delay&quot;:200}\">\n\t\t\t<div class=\"elementor-widget-wrap elementor-element-populated\">\n\t\t\t\t\t\t<div class=\"elementor-element elementor-element-c04a566 animated-fast elementor-invisible elementor-widget elementor-widget-image\" data-id=\"c04a566\" data-element_type=\"widget\" data-e-type=\"widget\" data-settings=\"{&quot;_animation&quot;:&quot;fadeIn&quot;}\" data-widget_type=\"image.default\">\n\t\t\t\t<div class=\"elementor-widget-container\">\n\t\t\t\t\t\t\t\t\t\t\t\t\t\t\t<img fetchpriority=\"high\" decoding=\"async\" width=\"1000\" height=\"600\" src=\"https:\/\/roastberry.pt\/wp-content\/uploads\/2019\/09\/specialty_coffee_roaster_big.jpg\" class=\"elementor-animation-grow attachment-large size-large wp-image-6823\" alt=\"specialty coffee roaster\" srcset=\"https:\/\/roastberry.pt\/wp-content\/uploads\/2019\/09\/specialty_coffee_roaster_big.jpg 1000w, https:\/\/roastberry.pt\/wp-content\/uploads\/2019\/09\/specialty_coffee_roaster_big-300x180.jpg 300w, https:\/\/roastberry.pt\/wp-content\/uploads\/2019\/09\/specialty_coffee_roaster_big-768x461.jpg 768w, https:\/\/roastberry.pt\/wp-content\/uploads\/2019\/09\/specialty_coffee_roaster_big-600x360.jpg 600w, https:\/\/roastberry.pt\/wp-content\/uploads\/2019\/09\/specialty_coffee_roaster_big-150x90.jpg 150w\" sizes=\"(max-width: 1000px) 100vw, 1000px\" \/>\t\t\t\t\t\t\t\t\t\t\t\t\t\t\t<\/div>\n\t\t\t\t<\/div>\n\t\t\t\t\t<\/div>\n\t\t<\/div>\n\t\t\t\t\t<\/div>\n\t\t<\/section>\n\t\t\t\t<section class=\"elementor-section elementor-top-section elementor-element elementor-element-bb36c6f elementor-section-boxed elementor-section-height-default elementor-section-height-default\" data-id=\"bb36c6f\" data-element_type=\"section\" data-e-type=\"section\">\n\t\t\t\t\t\t<div class=\"elementor-container elementor-column-gap-wider\">\n\t\t\t\t\t<div class=\"elementor-column elementor-col-50 elementor-top-column elementor-element elementor-element-2880450 elementor-invisible\" data-id=\"2880450\" data-element_type=\"column\" data-e-type=\"column\" data-settings=\"{&quot;animation&quot;:&quot;fadeIn&quot;}\">\n\t\t\t<div class=\"elementor-widget-wrap elementor-element-populated\">\n\t\t\t\t\t\t<div class=\"elementor-element elementor-element-db9c3d4 animated-fast elementor-invisible elementor-widget elementor-widget-image\" data-id=\"db9c3d4\" data-element_type=\"widget\" data-e-type=\"widget\" data-settings=\"{&quot;_animation&quot;:&quot;fadeIn&quot;}\" data-widget_type=\"image.default\">\n\t\t\t\t<div class=\"elementor-widget-container\">\n\t\t\t\t\t\t\t\t\t\t\t\t\t\t\t<img decoding=\"async\" width=\"1000\" height=\"600\" src=\"https:\/\/roastberry.pt\/wp-content\/uploads\/2019\/09\/specialty_loose_leaf_tea.jpg\" class=\"elementor-animation-grow attachment-large size-large wp-image-6824\" alt=\"\" srcset=\"https:\/\/roastberry.pt\/wp-content\/uploads\/2019\/09\/specialty_loose_leaf_tea.jpg 1000w, https:\/\/roastberry.pt\/wp-content\/uploads\/2019\/09\/specialty_loose_leaf_tea-300x180.jpg 300w, https:\/\/roastberry.pt\/wp-content\/uploads\/2019\/09\/specialty_loose_leaf_tea-768x461.jpg 768w, https:\/\/roastberry.pt\/wp-content\/uploads\/2019\/09\/specialty_loose_leaf_tea-600x360.jpg 600w, https:\/\/roastberry.pt\/wp-content\/uploads\/2019\/09\/specialty_loose_leaf_tea-150x90.jpg 150w\" sizes=\"(max-width: 1000px) 100vw, 1000px\" \/>\t\t\t\t\t\t\t\t\t\t\t\t\t\t\t<\/div>\n\t\t\t\t<\/div>\n\t\t\t\t\t<\/div>\n\t\t<\/div>\n\t\t\t\t<div class=\"elementor-column elementor-col-50 elementor-top-column elementor-element elementor-element-7899afa elementor-invisible\" data-id=\"7899afa\" data-element_type=\"column\" data-e-type=\"column\" data-settings=\"{&quot;animation&quot;:&quot;fadeIn&quot;,&quot;animation_delay&quot;:200}\">\n\t\t\t<div class=\"elementor-widget-wrap elementor-element-populated\">\n\t\t\t\t\t\t<div class=\"elementor-element elementor-element-247d076 elementor-widget elementor-widget-heading\" data-id=\"247d076\" data-element_type=\"widget\" data-e-type=\"widget\" data-widget_type=\"heading.default\">\n\t\t\t\t<div class=\"elementor-widget-container\">\n\t\t\t\t\t<h6 class=\"elementor-heading-title elementor-size-default\">The biggest specialty tea portfolio in Portugal<\/h6>\t\t\t\t<\/div>\n\t\t\t\t<\/div>\n\t\t\t\t<div class=\"elementor-element elementor-element-af7dfd6 title-right elementor-widget elementor-widget-heading\" data-id=\"af7dfd6\" data-element_type=\"widget\" data-e-type=\"widget\" data-widget_type=\"heading.default\">\n\t\t\t\t<div class=\"elementor-widget-container\">\n\t\t\t\t\t<h2 class=\"elementor-heading-title elementor-size-default\">Specialty tea<\/h2>\t\t\t\t<\/div>\n\t\t\t\t<\/div>\n\t\t\t\t<div class=\"elementor-element elementor-element-04da751 elementor-widget elementor-widget-text-editor\" data-id=\"04da751\" data-element_type=\"widget\" data-e-type=\"widget\" data-widget_type=\"text-editor.default\">\n\t\t\t\t<div class=\"elementor-widget-container\">\n\t\t\t\t\t\t\t\t\tCh\u00e1 de folhas soltas de alta qualidade seleccionado em pequenas propriedades &#8211; mais uma das nossas paix\u00f5es. Revele o seu paladar a esta bebida nobre com a ajuda do nosso especialista em ch\u00e1.A nossa experi\u00eancia em log\u00edstica internacional, conhecimento e compras diretas de grandes fornecedores permite que a RoastBerry forne\u00e7a ch\u00e1 de elite a um pre\u00e7o adequado. \t\t\t\t\t\t\t\t<\/div>\n\t\t\t\t<\/div>\n\t\t\t\t\t<\/div>\n\t\t<\/div>\n\t\t\t\t\t<\/div>\n\t\t<\/section>\n\t\t\t\t<section class=\"elementor-section elementor-top-section elementor-element elementor-element-338b57d elementor-reverse-mobile elementor-section-boxed elementor-section-height-default elementor-section-height-default\" data-id=\"338b57d\" data-element_type=\"section\" data-e-type=\"section\">\n\t\t\t\t\t\t<div class=\"elementor-container elementor-column-gap-wider\">\n\t\t\t\t\t<div class=\"elementor-column elementor-col-50 elementor-top-column elementor-element elementor-element-e30bac7 elementor-invisible\" data-id=\"e30bac7\" data-element_type=\"column\" data-e-type=\"column\" data-settings=\"{&quot;animation&quot;:&quot;fadeIn&quot;}\">\n\t\t\t<div class=\"elementor-widget-wrap elementor-element-populated\">\n\t\t\t\t\t\t<div class=\"elementor-element elementor-element-b8a7ac1 elementor-widget elementor-widget-heading\" data-id=\"b8a7ac1\" data-element_type=\"widget\" data-e-type=\"widget\" data-widget_type=\"heading.default\">\n\t\t\t\t<div class=\"elementor-widget-container\">\n\t\t\t\t\t<h6 class=\"elementor-heading-title elementor-size-default\">Responsibility and reliability<\/h6>\t\t\t\t<\/div>\n\t\t\t\t<\/div>\n\t\t\t\t<div class=\"elementor-element elementor-element-f97861c title-left elementor-widget elementor-widget-heading\" data-id=\"f97861c\" data-element_type=\"widget\" data-e-type=\"widget\" data-widget_type=\"heading.default\">\n\t\t\t\t<div class=\"elementor-widget-container\">\n\t\t\t\t\t<h2 class=\"elementor-heading-title elementor-size-default\">Equipamento e forma\u00e7\u00e3o<\/h2>\t\t\t\t<\/div>\n\t\t\t\t<\/div>\n\t\t\t\t<div class=\"elementor-element elementor-element-740daea elementor-widget elementor-widget-text-editor\" data-id=\"740daea\" data-element_type=\"widget\" data-e-type=\"widget\" data-widget_type=\"text-editor.default\">\n\t\t\t\t<div class=\"elementor-widget-container\">\n\t\t\t\t\t\t\t\t\tRoastberry \u00e9 um orgulhoso parceiro e distribuidor dos principais equipamentos de caf\u00e9. O RoastBerry sabe torrar e servir caf\u00e9. Queremos compartilhar a nossa paix\u00e3o e conhecimento com todos os amantes do caf\u00e9. Os nossos especialistas trabalhar\u00e3o com a sua equipa a lev\u00e1-los ao mais alto n\u00edvel de servir o caf\u00e9 perfeito.   \t\t\t\t\t\t\t\t<\/div>\n\t\t\t\t<\/div>\n\t\t\t\t\t<\/div>\n\t\t<\/div>\n\t\t\t\t<div class=\"elementor-column elementor-col-50 elementor-top-column elementor-element elementor-element-4938926 elementor-invisible\" data-id=\"4938926\" data-element_type=\"column\" data-e-type=\"column\" data-settings=\"{&quot;animation&quot;:&quot;fadeIn&quot;,&quot;animation_delay&quot;:200}\">\n\t\t\t<div class=\"elementor-widget-wrap elementor-element-populated\">\n\t\t\t\t\t\t<div class=\"elementor-element elementor-element-af85d13 animated-fast elementor-invisible elementor-widget elementor-widget-image\" data-id=\"af85d13\" data-element_type=\"widget\" data-e-type=\"widget\" data-settings=\"{&quot;_animation&quot;:&quot;fadeIn&quot;}\" data-widget_type=\"image.default\">\n\t\t\t\t<div class=\"elementor-widget-container\">\n\t\t\t\t\t\t\t\t\t\t\t\t\t\t\t<img decoding=\"async\" width=\"1000\" height=\"600\" src=\"https:\/\/roastberry.pt\/wp-content\/uploads\/2019\/09\/coffee_equipment_courses.jpg\" class=\"elementor-animation-grow attachment-large size-large wp-image-6828\" alt=\"coffee equipment courses\" srcset=\"https:\/\/roastberry.pt\/wp-content\/uploads\/2019\/09\/coffee_equipment_courses.jpg 1000w, https:\/\/roastberry.pt\/wp-content\/uploads\/2019\/09\/coffee_equipment_courses-300x180.jpg 300w, https:\/\/roastberry.pt\/wp-content\/uploads\/2019\/09\/coffee_equipment_courses-768x461.jpg 768w, https:\/\/roastberry.pt\/wp-content\/uploads\/2019\/09\/coffee_equipment_courses-600x360.jpg 600w, https:\/\/roastberry.pt\/wp-content\/uploads\/2019\/09\/coffee_equipment_courses-150x90.jpg 150w\" sizes=\"(max-width: 1000px) 100vw, 1000px\" \/>\t\t\t\t\t\t\t\t\t\t\t\t\t\t\t<\/div>\n\t\t\t\t<\/div>\n\t\t\t\t\t<\/div>\n\t\t<\/div>\n\t\t\t\t\t<\/div>\n\t\t<\/section>\n\t\t\t\t<\/div>\n\t\t","protected":false},"excerpt":{"rendered":"<p>Making specialty affordable Specialty coffee roasters Roastberry was created in 2019 by passionate people who enjoy crafted coffee. Our main goal as a company is to allow our customers to discover a new style of coffee and buy high-quality speciality coffee at the price of traditional coffee brands. As a specialty coffee roasters we are [&hellip;]<\/p>\n","protected":false},"author":119,"featured_media":0,"parent":0,"menu_order":0,"comment_status":"closed","ping_status":"closed","template":"template-fullwidth-no-heading.php","meta":{"footnotes":""},"class_list":["post-1004","page","type-page","status-publish","hentry"],"_links":{"self":[{"href":"https:\/\/roastberry.pt\/en\/wp-json\/wp\/v2\/pages\/1004","targetHints":{"allow":["GET"]}}],"collection":[{"href":"https:\/\/roastberry.pt\/en\/wp-json\/wp\/v2\/pages"}],"about":[{"href":"https:\/\/roastberry.pt\/en\/wp-json\/wp\/v2\/types\/page"}],"author":[{"embeddable":true,"href":"https:\/\/roastberry.pt\/en\/wp-json\/wp\/v2\/users\/119"}],"replies":[{"embeddable":true,"href":"https:\/\/roastberry.pt\/en\/wp-json\/wp\/v2\/comments?post=1004"}],"version-history":[{"count":3,"href":"https:\/\/roastberry.pt\/en\/wp-json\/wp\/v2\/pages\/1004\/revisions"}],"predecessor-version":[{"id":218092,"href":"https:\/\/roastberry.pt\/en\/wp-json\/wp\/v2\/pages\/1004\/revisions\/218092"}],"wp:attachment":[{"href":"https:\/\/roastberry.pt\/en\/wp-json\/wp\/v2\/media?parent=1004"}],"curies":[{"name":"wp","href":"https:\/\/api.w.org\/{rel}","templated":true}]}}